{"id":1409,"date":"2026-04-21T12:18:54","date_gmt":"2026-04-21T12:18:54","guid":{"rendered":"https:\/\/autoglassic.dk\/?page_id=1409"},"modified":"2026-04-21T12:18:55","modified_gmt":"2026-04-21T12:18:55","slug":"ford","status":"publish","type":"page","link":"https:\/\/autoglassic.dk\/index.php\/ford\/","title":{"rendered":"Ford"},"content":{"rendered":"\n<p>Herunder kan du se nogle af de Ford modeller, som vi med stor sandsynlighed har eller kan skaffe en frontrude og\/eller bagrude til. Men husk, at vi har stor udskiftning p\u00e5 lageret og det kan derfor variere meget hvilke ruder vi har p\u00e5 lager. Kontakt os gerne hvis du er interesseret i at h\u00f8re om vi har en rude til netop din Ford.<\/p>\n\n\n\n<p><em>Note: Listen er ikke fyldestg\u00f8rende, der bliver l\u00f8bende tilf\u00f8jet modeller til listen. Kontakt os for at h\u00f8re om vi har den rude du st\u00e5r og mangler.<\/em><\/p>\n","protected":false},"excerpt":{"rendered":"<p>Herunder kan du se nogle af de Ford modeller, som vi med stor sandsynlighed har eller kan skaffe en frontrude og\/eller bagrude til. Men husk, at vi har stor udskiftning p\u00e5 lageret og det kan derfor variere meget hvilke ruder vi har p\u00e5 lager. Kontakt os gerne hvis du er interesseret i at h\u00f8re om &hellip; <\/p>\n<p class=\"link-more\"><a href=\"https:\/\/autoglassic.dk\/index.php\/ford\/\" class=\"more-link\">L\u00e6s mere<span class=\"screen-reader-text\"> \u201cFord\u201d<\/span><\/a><\/p>\n","protected":false},"author":1,"featured_media":0,"parent":0,"menu_order":0,"comment_status":"closed","ping_status":"closed","template":"","meta":{"footnotes":""},"class_list":["post-1409","page","type-page","status-publish","hentry"],"yoast_head":"<!-- This site is optimized with the Yoast SEO plugin v27.6 - https:\/\/yoast.com\/product\/yoast-seo-wordpress\/ -->\n<title>Ruder til Ford | Ruder til veteranbiler og klassikere | AutoGlassic<\/title>\n<meta name=\"description\" content=\"Vi har ruder p\u00e5 lager til mange klassiske Ford-modeller fra f\u00f8r 2015. Kontakt os for at h\u00f8re om vi har ruden til din Ford!\" \/>\n<meta name=\"robots\" content=\"index, follow, max-snippet:-1, max-image-preview:large, max-video-preview:-1\" \/>\n<link rel=\"canonical\" href=\"https:\/\/autoglassic.dk\/index.php\/ford\/\" \/>\n<meta property=\"og:locale\" content=\"da_DK\" \/>\n<meta property=\"og:type\" content=\"article\" \/>\n<meta property=\"og:title\" content=\"Ruder til Ford | Ruder til veteranbiler og klassikere | AutoGlassic\" \/>\n<meta property=\"og:description\" content=\"Vi har ruder p\u00e5 lager til mange klassiske Ford-modeller fra f\u00f8r 2015. Kontakt os for at h\u00f8re om vi har ruden til din Ford!\" \/>\n<meta property=\"og:url\" content=\"https:\/\/autoglassic.dk\/index.php\/ford\/\" \/>\n<meta property=\"og:site_name\" content=\"Windscreens for classic cars\" \/>\n<meta property=\"article:modified_time\" content=\"2026-04-21T12:18:55+00:00\" \/>\n<meta name=\"twitter:card\" content=\"summary_large_image\" \/>\n<script type=\"application\/ld+json\" class=\"yoast-schema-graph\">{\"@context\":\"https:\\\/\\\/schema.org\",\"@graph\":[{\"@type\":\"WebPage\",\"@id\":\"https:\\\/\\\/autoglassic.dk\\\/index.php\\\/ford\\\/\",\"url\":\"https:\\\/\\\/autoglassic.dk\\\/index.php\\\/ford\\\/\",\"name\":\"Ruder til Ford | Ruder til veteranbiler og klassikere | AutoGlassic\",\"isPartOf\":{\"@id\":\"https:\\\/\\\/autoglassic.dk\\\/#website\"},\"datePublished\":\"2026-04-21T12:18:54+00:00\",\"dateModified\":\"2026-04-21T12:18:55+00:00\",\"description\":\"Vi har ruder p\u00e5 lager til mange klassiske Ford-modeller fra f\u00f8r 2015. Kontakt os for at h\u00f8re om vi har ruden til din Ford!\",\"breadcrumb\":{\"@id\":\"https:\\\/\\\/autoglassic.dk\\\/index.php\\\/ford\\\/#breadcrumb\"},\"inLanguage\":\"da-DK\",\"potentialAction\":[{\"@type\":\"ReadAction\",\"target\":[\"https:\\\/\\\/autoglassic.dk\\\/index.php\\\/ford\\\/\"]}]},{\"@type\":\"BreadcrumbList\",\"@id\":\"https:\\\/\\\/autoglassic.dk\\\/index.php\\\/ford\\\/#breadcrumb\",\"itemListElement\":[{\"@type\":\"ListItem\",\"position\":1,\"name\":\"Hjem\",\"item\":\"https:\\\/\\\/autoglassic.dk\\\/index.php\\\/en\\\/welcome-to-autoglassic\\\/\"},{\"@type\":\"ListItem\",\"position\":2,\"name\":\"Ford\"}]},{\"@type\":\"WebSite\",\"@id\":\"https:\\\/\\\/autoglassic.dk\\\/#website\",\"url\":\"https:\\\/\\\/autoglassic.dk\\\/\",\"name\":\"Windscreens for classic cars\",\"description\":\"AutoGlassic\",\"publisher\":{\"@id\":\"https:\\\/\\\/autoglassic.dk\\\/#organization\"},\"potentialAction\":[{\"@type\":\"SearchAction\",\"target\":{\"@type\":\"EntryPoint\",\"urlTemplate\":\"https:\\\/\\\/autoglassic.dk\\\/?s={search_term_string}\"},\"query-input\":{\"@type\":\"PropertyValueSpecification\",\"valueRequired\":true,\"valueName\":\"search_term_string\"}}],\"inLanguage\":\"da-DK\"},{\"@type\":\"Organization\",\"@id\":\"https:\\\/\\\/autoglassic.dk\\\/#organization\",\"name\":\"Autoglassic\",\"url\":\"https:\\\/\\\/autoglassic.dk\\\/\",\"logo\":{\"@type\":\"ImageObject\",\"inLanguage\":\"da-DK\",\"@id\":\"https:\\\/\\\/autoglassic.dk\\\/#\\\/schema\\\/logo\\\/image\\\/\",\"url\":\"https:\\\/\\\/autoglassic.dk\\\/wp-content\\\/uploads\\\/2022\\\/02\\\/Autoglassic-logo.png\",\"contentUrl\":\"https:\\\/\\\/autoglassic.dk\\\/wp-content\\\/uploads\\\/2022\\\/02\\\/Autoglassic-logo.png\",\"width\":1194,\"height\":415,\"caption\":\"Autoglassic\"},\"image\":{\"@id\":\"https:\\\/\\\/autoglassic.dk\\\/#\\\/schema\\\/logo\\\/image\\\/\"}}]}<\/script>\n<!-- \/ Yoast SEO plugin. -->","yoast_head_json":{"title":"Ruder til Ford | Ruder til veteranbiler og klassikere | AutoGlassic","description":"Vi har ruder p\u00e5 lager til mange klassiske Ford-modeller fra f\u00f8r 2015. Kontakt os for at h\u00f8re om vi har ruden til din Ford!","robots":{"index":"index","follow":"follow","max-snippet":"max-snippet:-1","max-image-preview":"max-image-preview:large","max-video-preview":"max-video-preview:-1"},"canonical":"https:\/\/autoglassic.dk\/index.php\/ford\/","og_locale":"da_DK","og_type":"article","og_title":"Ruder til Ford | Ruder til veteranbiler og klassikere | AutoGlassic","og_description":"Vi har ruder p\u00e5 lager til mange klassiske Ford-modeller fra f\u00f8r 2015. Kontakt os for at h\u00f8re om vi har ruden til din Ford!","og_url":"https:\/\/autoglassic.dk\/index.php\/ford\/","og_site_name":"Windscreens for classic cars","article_modified_time":"2026-04-21T12:18:55+00:00","twitter_card":"summary_large_image","schema":{"@context":"https:\/\/schema.org","@graph":[{"@type":"WebPage","@id":"https:\/\/autoglassic.dk\/index.php\/ford\/","url":"https:\/\/autoglassic.dk\/index.php\/ford\/","name":"Ruder til Ford | Ruder til veteranbiler og klassikere | AutoGlassic","isPartOf":{"@id":"https:\/\/autoglassic.dk\/#website"},"datePublished":"2026-04-21T12:18:54+00:00","dateModified":"2026-04-21T12:18:55+00:00","description":"Vi har ruder p\u00e5 lager til mange klassiske Ford-modeller fra f\u00f8r 2015. Kontakt os for at h\u00f8re om vi har ruden til din Ford!","breadcrumb":{"@id":"https:\/\/autoglassic.dk\/index.php\/ford\/#breadcrumb"},"inLanguage":"da-DK","potentialAction":[{"@type":"ReadAction","target":["https:\/\/autoglassic.dk\/index.php\/ford\/"]}]},{"@type":"BreadcrumbList","@id":"https:\/\/autoglassic.dk\/index.php\/ford\/#breadcrumb","itemListElement":[{"@type":"ListItem","position":1,"name":"Hjem","item":"https:\/\/autoglassic.dk\/index.php\/en\/welcome-to-autoglassic\/"},{"@type":"ListItem","position":2,"name":"Ford"}]},{"@type":"WebSite","@id":"https:\/\/autoglassic.dk\/#website","url":"https:\/\/autoglassic.dk\/","name":"Windscreens for classic cars","description":"AutoGlassic","publisher":{"@id":"https:\/\/autoglassic.dk\/#organization"},"potentialAction":[{"@type":"SearchAction","target":{"@type":"EntryPoint","urlTemplate":"https:\/\/autoglassic.dk\/?s={search_term_string}"},"query-input":{"@type":"PropertyValueSpecification","valueRequired":true,"valueName":"search_term_string"}}],"inLanguage":"da-DK"},{"@type":"Organization","@id":"https:\/\/autoglassic.dk\/#organization","name":"Autoglassic","url":"https:\/\/autoglassic.dk\/","logo":{"@type":"ImageObject","inLanguage":"da-DK","@id":"https:\/\/autoglassic.dk\/#\/schema\/logo\/image\/","url":"https:\/\/autoglassic.dk\/wp-content\/uploads\/2022\/02\/Autoglassic-logo.png","contentUrl":"https:\/\/autoglassic.dk\/wp-content\/uploads\/2022\/02\/Autoglassic-logo.png","width":1194,"height":415,"caption":"Autoglassic"},"image":{"@id":"https:\/\/autoglassic.dk\/#\/schema\/logo\/image\/"}}]}},"_links":{"self":[{"href":"https:\/\/autoglassic.dk\/index.php\/wp-json\/wp\/v2\/pages\/1409","targetHints":{"allow":["GET"]}}],"collection":[{"href":"https:\/\/autoglassic.dk\/index.php\/wp-json\/wp\/v2\/pages"}],"about":[{"href":"https:\/\/autoglassic.dk\/index.php\/wp-json\/wp\/v2\/types\/page"}],"author":[{"embeddable":true,"href":"https:\/\/autoglassic.dk\/index.php\/wp-json\/wp\/v2\/users\/1"}],"replies":[{"embeddable":true,"href":"https:\/\/autoglassic.dk\/index.php\/wp-json\/wp\/v2\/comments?post=1409"}],"version-history":[{"count":1,"href":"https:\/\/autoglassic.dk\/index.php\/wp-json\/wp\/v2\/pages\/1409\/revisions"}],"predecessor-version":[{"id":1410,"href":"https:\/\/autoglassic.dk\/index.php\/wp-json\/wp\/v2\/pages\/1409\/revisions\/1410"}],"wp:attachment":[{"href":"https:\/\/autoglassic.dk\/index.php\/wp-json\/wp\/v2\/media?parent=1409"}],"curies":[{"name":"wp","href":"https:\/\/api.w.org\/{rel}","templated":true}]}}