{"id":1395,"date":"2026-04-21T12:08:27","date_gmt":"2026-04-21T12:08:27","guid":{"rendered":"https:\/\/autoglassic.dk\/?page_id=1395"},"modified":"2026-04-22T15:42:10","modified_gmt":"2026-04-22T15:42:10","slug":"volkswagen","status":"publish","type":"page","link":"https:\/\/autoglassic.dk\/index.php\/volkswagen\/","title":{"rendered":"Volkswagen"},"content":{"rendered":"\n<p>Herunder kan du se nogle af de VW modeller, som vi med stor sandsynlighed har eller kan skaffe en frontrude og\/eller bagrude til. Men husk, at vi har stor udskiftning p\u00e5 lageret og det kan derfor variere meget hvilke ruder vi har p\u00e5 lager. Kontakt os gerne hvis du er interesseret i at h\u00f8re om vi har en rude til netop din VW.<\/p>\n\n\n\n<p><em>Note: Listen er ikke fyldestg\u00f8rende, der bliver l\u00f8bende tilf\u00f8jet modeller til listen. Kontakt os for at h\u00f8re om vi har den rude du st\u00e5r og mangler.<\/em><\/p>\n\n\n\n<p><a href=\"https:\/\/autoglassic.dk\/index.php\/frontrude-til-1200-cabriolet\/\" type=\"page\" id=\"1426\">VW 1200 Cabriolet fra 1957-64<\/a><\/p>\n","protected":false},"excerpt":{"rendered":"<p>Herunder kan du se nogle af de VW modeller, som vi med stor sandsynlighed har eller kan skaffe en frontrude og\/eller bagrude til. Men husk, at vi har stor udskiftning p\u00e5 lageret og det kan derfor variere meget hvilke ruder vi har p\u00e5 lager. Kontakt os gerne hvis du er interesseret i at h\u00f8re om &hellip; <\/p>\n<p class=\"link-more\"><a href=\"https:\/\/autoglassic.dk\/index.php\/volkswagen\/\" class=\"more-link\">L\u00e6s mere<span class=\"screen-reader-text\"> \u201cVolkswagen\u201d<\/span><\/a><\/p>\n","protected":false},"author":1,"featured_media":0,"parent":0,"menu_order":0,"comment_status":"closed","ping_status":"closed","template":"","meta":{"footnotes":""},"class_list":["post-1395","page","type-page","status-publish","hentry"],"yoast_head":"<!-- This site is optimized with the Yoast SEO plugin v27.6 - https:\/\/yoast.com\/product\/yoast-seo-wordpress\/ -->\n<title>Ruder til Volkswagen | Ruder til klassiske biler | AutoGlassic<\/title>\n<meta name=\"description\" content=\"Vi har mange VW-ruder p\u00e5 lager til \u00e6ldre modeller, b\u00e5de klassikere og dem der ikke helt er s\u00e5 gamle endnu. Kontakt os for at h\u00f8re mere.\" \/>\n<meta name=\"robots\" content=\"index, follow, max-snippet:-1, max-image-preview:large, max-video-preview:-1\" \/>\n<link rel=\"canonical\" href=\"https:\/\/autoglassic.dk\/index.php\/volkswagen\/\" \/>\n<meta property=\"og:locale\" content=\"da_DK\" \/>\n<meta property=\"og:type\" content=\"article\" \/>\n<meta property=\"og:title\" content=\"Ruder til Volkswagen | Ruder til klassiske biler | AutoGlassic\" \/>\n<meta property=\"og:description\" content=\"Vi har mange VW-ruder p\u00e5 lager til \u00e6ldre modeller, b\u00e5de klassikere og dem der ikke helt er s\u00e5 gamle endnu. Kontakt os for at h\u00f8re mere.\" \/>\n<meta property=\"og:url\" content=\"https:\/\/autoglassic.dk\/index.php\/volkswagen\/\" \/>\n<meta property=\"og:site_name\" content=\"Windscreens for classic cars\" \/>\n<meta property=\"article:modified_time\" content=\"2026-04-22T15:42:10+00:00\" \/>\n<meta name=\"twitter:card\" content=\"summary_large_image\" \/>\n<meta name=\"twitter:label1\" content=\"Estimeret l\u00e6setid\" \/>\n\t<meta name=\"twitter:data1\" content=\"1 minut\" \/>\n<script type=\"application\/ld+json\" class=\"yoast-schema-graph\">{\"@context\":\"https:\\\/\\\/schema.org\",\"@graph\":[{\"@type\":\"WebPage\",\"@id\":\"https:\\\/\\\/autoglassic.dk\\\/index.php\\\/volkswagen\\\/\",\"url\":\"https:\\\/\\\/autoglassic.dk\\\/index.php\\\/volkswagen\\\/\",\"name\":\"Ruder til Volkswagen | Ruder til klassiske biler | AutoGlassic\",\"isPartOf\":{\"@id\":\"https:\\\/\\\/autoglassic.dk\\\/#website\"},\"datePublished\":\"2026-04-21T12:08:27+00:00\",\"dateModified\":\"2026-04-22T15:42:10+00:00\",\"description\":\"Vi har mange VW-ruder p\u00e5 lager til \u00e6ldre modeller, b\u00e5de klassikere og dem der ikke helt er s\u00e5 gamle endnu. Kontakt os for at h\u00f8re mere.\",\"breadcrumb\":{\"@id\":\"https:\\\/\\\/autoglassic.dk\\\/index.php\\\/volkswagen\\\/#breadcrumb\"},\"inLanguage\":\"da-DK\",\"potentialAction\":[{\"@type\":\"ReadAction\",\"target\":[\"https:\\\/\\\/autoglassic.dk\\\/index.php\\\/volkswagen\\\/\"]}]},{\"@type\":\"BreadcrumbList\",\"@id\":\"https:\\\/\\\/autoglassic.dk\\\/index.php\\\/volkswagen\\\/#breadcrumb\",\"itemListElement\":[{\"@type\":\"ListItem\",\"position\":1,\"name\":\"Hjem\",\"item\":\"https:\\\/\\\/autoglassic.dk\\\/index.php\\\/en\\\/welcome-to-autoglassic\\\/\"},{\"@type\":\"ListItem\",\"position\":2,\"name\":\"Volkswagen\"}]},{\"@type\":\"WebSite\",\"@id\":\"https:\\\/\\\/autoglassic.dk\\\/#website\",\"url\":\"https:\\\/\\\/autoglassic.dk\\\/\",\"name\":\"Windscreens for classic cars\",\"description\":\"AutoGlassic\",\"publisher\":{\"@id\":\"https:\\\/\\\/autoglassic.dk\\\/#organization\"},\"potentialAction\":[{\"@type\":\"SearchAction\",\"target\":{\"@type\":\"EntryPoint\",\"urlTemplate\":\"https:\\\/\\\/autoglassic.dk\\\/?s={search_term_string}\"},\"query-input\":{\"@type\":\"PropertyValueSpecification\",\"valueRequired\":true,\"valueName\":\"search_term_string\"}}],\"inLanguage\":\"da-DK\"},{\"@type\":\"Organization\",\"@id\":\"https:\\\/\\\/autoglassic.dk\\\/#organization\",\"name\":\"Autoglassic\",\"url\":\"https:\\\/\\\/autoglassic.dk\\\/\",\"logo\":{\"@type\":\"ImageObject\",\"inLanguage\":\"da-DK\",\"@id\":\"https:\\\/\\\/autoglassic.dk\\\/#\\\/schema\\\/logo\\\/image\\\/\",\"url\":\"https:\\\/\\\/autoglassic.dk\\\/wp-content\\\/uploads\\\/2022\\\/02\\\/Autoglassic-logo.png\",\"contentUrl\":\"https:\\\/\\\/autoglassic.dk\\\/wp-content\\\/uploads\\\/2022\\\/02\\\/Autoglassic-logo.png\",\"width\":1194,\"height\":415,\"caption\":\"Autoglassic\"},\"image\":{\"@id\":\"https:\\\/\\\/autoglassic.dk\\\/#\\\/schema\\\/logo\\\/image\\\/\"}}]}<\/script>\n<!-- \/ Yoast SEO plugin. -->","yoast_head_json":{"title":"Ruder til Volkswagen | Ruder til klassiske biler | AutoGlassic","description":"Vi har mange VW-ruder p\u00e5 lager til \u00e6ldre modeller, b\u00e5de klassikere og dem der ikke helt er s\u00e5 gamle endnu. Kontakt os for at h\u00f8re mere.","robots":{"index":"index","follow":"follow","max-snippet":"max-snippet:-1","max-image-preview":"max-image-preview:large","max-video-preview":"max-video-preview:-1"},"canonical":"https:\/\/autoglassic.dk\/index.php\/volkswagen\/","og_locale":"da_DK","og_type":"article","og_title":"Ruder til Volkswagen | Ruder til klassiske biler | AutoGlassic","og_description":"Vi har mange VW-ruder p\u00e5 lager til \u00e6ldre modeller, b\u00e5de klassikere og dem der ikke helt er s\u00e5 gamle endnu. Kontakt os for at h\u00f8re mere.","og_url":"https:\/\/autoglassic.dk\/index.php\/volkswagen\/","og_site_name":"Windscreens for classic cars","article_modified_time":"2026-04-22T15:42:10+00:00","twitter_card":"summary_large_image","twitter_misc":{"Estimeret l\u00e6setid":"1 minut"},"schema":{"@context":"https:\/\/schema.org","@graph":[{"@type":"WebPage","@id":"https:\/\/autoglassic.dk\/index.php\/volkswagen\/","url":"https:\/\/autoglassic.dk\/index.php\/volkswagen\/","name":"Ruder til Volkswagen | Ruder til klassiske biler | AutoGlassic","isPartOf":{"@id":"https:\/\/autoglassic.dk\/#website"},"datePublished":"2026-04-21T12:08:27+00:00","dateModified":"2026-04-22T15:42:10+00:00","description":"Vi har mange VW-ruder p\u00e5 lager til \u00e6ldre modeller, b\u00e5de klassikere og dem der ikke helt er s\u00e5 gamle endnu. Kontakt os for at h\u00f8re mere.","breadcrumb":{"@id":"https:\/\/autoglassic.dk\/index.php\/volkswagen\/#breadcrumb"},"inLanguage":"da-DK","potentialAction":[{"@type":"ReadAction","target":["https:\/\/autoglassic.dk\/index.php\/volkswagen\/"]}]},{"@type":"BreadcrumbList","@id":"https:\/\/autoglassic.dk\/index.php\/volkswagen\/#breadcrumb","itemListElement":[{"@type":"ListItem","position":1,"name":"Hjem","item":"https:\/\/autoglassic.dk\/index.php\/en\/welcome-to-autoglassic\/"},{"@type":"ListItem","position":2,"name":"Volkswagen"}]},{"@type":"WebSite","@id":"https:\/\/autoglassic.dk\/#website","url":"https:\/\/autoglassic.dk\/","name":"Windscreens for classic cars","description":"AutoGlassic","publisher":{"@id":"https:\/\/autoglassic.dk\/#organization"},"potentialAction":[{"@type":"SearchAction","target":{"@type":"EntryPoint","urlTemplate":"https:\/\/autoglassic.dk\/?s={search_term_string}"},"query-input":{"@type":"PropertyValueSpecification","valueRequired":true,"valueName":"search_term_string"}}],"inLanguage":"da-DK"},{"@type":"Organization","@id":"https:\/\/autoglassic.dk\/#organization","name":"Autoglassic","url":"https:\/\/autoglassic.dk\/","logo":{"@type":"ImageObject","inLanguage":"da-DK","@id":"https:\/\/autoglassic.dk\/#\/schema\/logo\/image\/","url":"https:\/\/autoglassic.dk\/wp-content\/uploads\/2022\/02\/Autoglassic-logo.png","contentUrl":"https:\/\/autoglassic.dk\/wp-content\/uploads\/2022\/02\/Autoglassic-logo.png","width":1194,"height":415,"caption":"Autoglassic"},"image":{"@id":"https:\/\/autoglassic.dk\/#\/schema\/logo\/image\/"}}]}},"_links":{"self":[{"href":"https:\/\/autoglassic.dk\/index.php\/wp-json\/wp\/v2\/pages\/1395","targetHints":{"allow":["GET"]}}],"collection":[{"href":"https:\/\/autoglassic.dk\/index.php\/wp-json\/wp\/v2\/pages"}],"about":[{"href":"https:\/\/autoglassic.dk\/index.php\/wp-json\/wp\/v2\/types\/page"}],"author":[{"embeddable":true,"href":"https:\/\/autoglassic.dk\/index.php\/wp-json\/wp\/v2\/users\/1"}],"replies":[{"embeddable":true,"href":"https:\/\/autoglassic.dk\/index.php\/wp-json\/wp\/v2\/comments?post=1395"}],"version-history":[{"count":2,"href":"https:\/\/autoglassic.dk\/index.php\/wp-json\/wp\/v2\/pages\/1395\/revisions"}],"predecessor-version":[{"id":1429,"href":"https:\/\/autoglassic.dk\/index.php\/wp-json\/wp\/v2\/pages\/1395\/revisions\/1429"}],"wp:attachment":[{"href":"https:\/\/autoglassic.dk\/index.php\/wp-json\/wp\/v2\/media?parent=1395"}],"curies":[{"name":"wp","href":"https:\/\/api.w.org\/{rel}","templated":true}]}}