{"id":1381,"date":"2026-04-21T11:49:47","date_gmt":"2026-04-21T11:49:47","guid":{"rendered":"https:\/\/autoglassic.dk\/?page_id=1381"},"modified":"2026-04-21T12:01:07","modified_gmt":"2026-04-21T12:01:07","slug":"volvo","status":"publish","type":"page","link":"https:\/\/autoglassic.dk\/index.php\/volvo\/","title":{"rendered":"Volvo"},"content":{"rendered":"\n<p>Herunder kan du se nogle af de Volvo modeller, som vi med stor sandsynlighed har eller kan skaffe en frontrude og\/eller bagrude til. Men husk, at vi har stor udskiftning p\u00e5 lageret og det kan derfor variere meget hvilke ruder vi har p\u00e5 lager. Kontakt os gerne hvis du er interesseret i at h\u00f8re om vi har en rude til netop din Volvo.<\/p>\n\n\n\n<p><em>Note: Listen er ikke fyldestg\u00f8rende, der bliver l\u00f8bende tilf\u00f8jet modeller til listen.<\/em><\/p>\n\n\n\n<p><a href=\"https:\/\/autoglassic.dk\/index.php\/frontrude-til-volvo-v70\/\" type=\"page\" id=\"1375\">Volvo V70 fra 1990&#8217;erne<\/a><\/p>\n","protected":false},"excerpt":{"rendered":"<p>Herunder kan du se nogle af de Volvo modeller, som vi med stor sandsynlighed har eller kan skaffe en frontrude og\/eller bagrude til. Men husk, at vi har stor udskiftning p\u00e5 lageret og det kan derfor variere meget hvilke ruder vi har p\u00e5 lager. Kontakt os gerne hvis du er interesseret i at h\u00f8re om &hellip; <\/p>\n<p class=\"link-more\"><a href=\"https:\/\/autoglassic.dk\/index.php\/volvo\/\" class=\"more-link\">L\u00e6s mere<span class=\"screen-reader-text\"> \u201cVolvo\u201d<\/span><\/a><\/p>\n","protected":false},"author":1,"featured_media":0,"parent":0,"menu_order":0,"comment_status":"closed","ping_status":"closed","template":"","meta":{"footnotes":""},"class_list":["post-1381","page","type-page","status-publish","hentry"],"yoast_head":"<!-- This site is optimized with the Yoast SEO plugin v27.6 - https:\/\/yoast.com\/product\/yoast-seo-wordpress\/ -->\n<title>Ruder til Volvo modeller | Stort udvalg af ruder til veteranbiler<\/title>\n<meta name=\"description\" content=\"AutoGlassic har det st\u00f8rste udvalg af ruder til klassiske biler. Kontakt os for at h\u00f8re om vi har en rude til netop din Volvo.\" \/>\n<meta name=\"robots\" content=\"index, follow, max-snippet:-1, max-image-preview:large, max-video-preview:-1\" \/>\n<link rel=\"canonical\" href=\"https:\/\/autoglassic.dk\/index.php\/volvo\/\" \/>\n<meta property=\"og:locale\" content=\"da_DK\" \/>\n<meta property=\"og:type\" content=\"article\" \/>\n<meta property=\"og:title\" content=\"Ruder til Volvo modeller | Stort udvalg af ruder til veteranbiler\" \/>\n<meta property=\"og:description\" content=\"AutoGlassic har det st\u00f8rste udvalg af ruder til klassiske biler. Kontakt os for at h\u00f8re om vi har en rude til netop din Volvo.\" \/>\n<meta property=\"og:url\" content=\"https:\/\/autoglassic.dk\/index.php\/volvo\/\" \/>\n<meta property=\"og:site_name\" content=\"Windscreens for classic cars\" \/>\n<meta property=\"article:modified_time\" content=\"2026-04-21T12:01:07+00:00\" \/>\n<meta name=\"twitter:card\" content=\"summary_large_image\" \/>\n<script type=\"application\/ld+json\" class=\"yoast-schema-graph\">{\"@context\":\"https:\\\/\\\/schema.org\",\"@graph\":[{\"@type\":\"WebPage\",\"@id\":\"https:\\\/\\\/autoglassic.dk\\\/index.php\\\/volvo\\\/\",\"url\":\"https:\\\/\\\/autoglassic.dk\\\/index.php\\\/volvo\\\/\",\"name\":\"Ruder til Volvo modeller | Stort udvalg af ruder til veteranbiler\",\"isPartOf\":{\"@id\":\"https:\\\/\\\/autoglassic.dk\\\/#website\"},\"datePublished\":\"2026-04-21T11:49:47+00:00\",\"dateModified\":\"2026-04-21T12:01:07+00:00\",\"description\":\"AutoGlassic har det st\u00f8rste udvalg af ruder til klassiske biler. Kontakt os for at h\u00f8re om vi har en rude til netop din Volvo.\",\"breadcrumb\":{\"@id\":\"https:\\\/\\\/autoglassic.dk\\\/index.php\\\/volvo\\\/#breadcrumb\"},\"inLanguage\":\"da-DK\",\"potentialAction\":[{\"@type\":\"ReadAction\",\"target\":[\"https:\\\/\\\/autoglassic.dk\\\/index.php\\\/volvo\\\/\"]}]},{\"@type\":\"BreadcrumbList\",\"@id\":\"https:\\\/\\\/autoglassic.dk\\\/index.php\\\/volvo\\\/#breadcrumb\",\"itemListElement\":[{\"@type\":\"ListItem\",\"position\":1,\"name\":\"Hjem\",\"item\":\"https:\\\/\\\/autoglassic.dk\\\/index.php\\\/en\\\/welcome-to-autoglassic\\\/\"},{\"@type\":\"ListItem\",\"position\":2,\"name\":\"Volvo\"}]},{\"@type\":\"WebSite\",\"@id\":\"https:\\\/\\\/autoglassic.dk\\\/#website\",\"url\":\"https:\\\/\\\/autoglassic.dk\\\/\",\"name\":\"Windscreens for classic cars\",\"description\":\"AutoGlassic\",\"publisher\":{\"@id\":\"https:\\\/\\\/autoglassic.dk\\\/#organization\"},\"potentialAction\":[{\"@type\":\"SearchAction\",\"target\":{\"@type\":\"EntryPoint\",\"urlTemplate\":\"https:\\\/\\\/autoglassic.dk\\\/?s={search_term_string}\"},\"query-input\":{\"@type\":\"PropertyValueSpecification\",\"valueRequired\":true,\"valueName\":\"search_term_string\"}}],\"inLanguage\":\"da-DK\"},{\"@type\":\"Organization\",\"@id\":\"https:\\\/\\\/autoglassic.dk\\\/#organization\",\"name\":\"Autoglassic\",\"url\":\"https:\\\/\\\/autoglassic.dk\\\/\",\"logo\":{\"@type\":\"ImageObject\",\"inLanguage\":\"da-DK\",\"@id\":\"https:\\\/\\\/autoglassic.dk\\\/#\\\/schema\\\/logo\\\/image\\\/\",\"url\":\"https:\\\/\\\/autoglassic.dk\\\/wp-content\\\/uploads\\\/2022\\\/02\\\/Autoglassic-logo.png\",\"contentUrl\":\"https:\\\/\\\/autoglassic.dk\\\/wp-content\\\/uploads\\\/2022\\\/02\\\/Autoglassic-logo.png\",\"width\":1194,\"height\":415,\"caption\":\"Autoglassic\"},\"image\":{\"@id\":\"https:\\\/\\\/autoglassic.dk\\\/#\\\/schema\\\/logo\\\/image\\\/\"}}]}<\/script>\n<!-- \/ Yoast SEO plugin. -->","yoast_head_json":{"title":"Ruder til Volvo modeller | Stort udvalg af ruder til veteranbiler","description":"AutoGlassic har det st\u00f8rste udvalg af ruder til klassiske biler. Kontakt os for at h\u00f8re om vi har en rude til netop din Volvo.","robots":{"index":"index","follow":"follow","max-snippet":"max-snippet:-1","max-image-preview":"max-image-preview:large","max-video-preview":"max-video-preview:-1"},"canonical":"https:\/\/autoglassic.dk\/index.php\/volvo\/","og_locale":"da_DK","og_type":"article","og_title":"Ruder til Volvo modeller | Stort udvalg af ruder til veteranbiler","og_description":"AutoGlassic har det st\u00f8rste udvalg af ruder til klassiske biler. Kontakt os for at h\u00f8re om vi har en rude til netop din Volvo.","og_url":"https:\/\/autoglassic.dk\/index.php\/volvo\/","og_site_name":"Windscreens for classic cars","article_modified_time":"2026-04-21T12:01:07+00:00","twitter_card":"summary_large_image","schema":{"@context":"https:\/\/schema.org","@graph":[{"@type":"WebPage","@id":"https:\/\/autoglassic.dk\/index.php\/volvo\/","url":"https:\/\/autoglassic.dk\/index.php\/volvo\/","name":"Ruder til Volvo modeller | Stort udvalg af ruder til veteranbiler","isPartOf":{"@id":"https:\/\/autoglassic.dk\/#website"},"datePublished":"2026-04-21T11:49:47+00:00","dateModified":"2026-04-21T12:01:07+00:00","description":"AutoGlassic har det st\u00f8rste udvalg af ruder til klassiske biler. Kontakt os for at h\u00f8re om vi har en rude til netop din Volvo.","breadcrumb":{"@id":"https:\/\/autoglassic.dk\/index.php\/volvo\/#breadcrumb"},"inLanguage":"da-DK","potentialAction":[{"@type":"ReadAction","target":["https:\/\/autoglassic.dk\/index.php\/volvo\/"]}]},{"@type":"BreadcrumbList","@id":"https:\/\/autoglassic.dk\/index.php\/volvo\/#breadcrumb","itemListElement":[{"@type":"ListItem","position":1,"name":"Hjem","item":"https:\/\/autoglassic.dk\/index.php\/en\/welcome-to-autoglassic\/"},{"@type":"ListItem","position":2,"name":"Volvo"}]},{"@type":"WebSite","@id":"https:\/\/autoglassic.dk\/#website","url":"https:\/\/autoglassic.dk\/","name":"Windscreens for classic cars","description":"AutoGlassic","publisher":{"@id":"https:\/\/autoglassic.dk\/#organization"},"potentialAction":[{"@type":"SearchAction","target":{"@type":"EntryPoint","urlTemplate":"https:\/\/autoglassic.dk\/?s={search_term_string}"},"query-input":{"@type":"PropertyValueSpecification","valueRequired":true,"valueName":"search_term_string"}}],"inLanguage":"da-DK"},{"@type":"Organization","@id":"https:\/\/autoglassic.dk\/#organization","name":"Autoglassic","url":"https:\/\/autoglassic.dk\/","logo":{"@type":"ImageObject","inLanguage":"da-DK","@id":"https:\/\/autoglassic.dk\/#\/schema\/logo\/image\/","url":"https:\/\/autoglassic.dk\/wp-content\/uploads\/2022\/02\/Autoglassic-logo.png","contentUrl":"https:\/\/autoglassic.dk\/wp-content\/uploads\/2022\/02\/Autoglassic-logo.png","width":1194,"height":415,"caption":"Autoglassic"},"image":{"@id":"https:\/\/autoglassic.dk\/#\/schema\/logo\/image\/"}}]}},"_links":{"self":[{"href":"https:\/\/autoglassic.dk\/index.php\/wp-json\/wp\/v2\/pages\/1381","targetHints":{"allow":["GET"]}}],"collection":[{"href":"https:\/\/autoglassic.dk\/index.php\/wp-json\/wp\/v2\/pages"}],"about":[{"href":"https:\/\/autoglassic.dk\/index.php\/wp-json\/wp\/v2\/types\/page"}],"author":[{"embeddable":true,"href":"https:\/\/autoglassic.dk\/index.php\/wp-json\/wp\/v2\/users\/1"}],"replies":[{"embeddable":true,"href":"https:\/\/autoglassic.dk\/index.php\/wp-json\/wp\/v2\/comments?post=1381"}],"version-history":[{"count":1,"href":"https:\/\/autoglassic.dk\/index.php\/wp-json\/wp\/v2\/pages\/1381\/revisions"}],"predecessor-version":[{"id":1382,"href":"https:\/\/autoglassic.dk\/index.php\/wp-json\/wp\/v2\/pages\/1381\/revisions\/1382"}],"wp:attachment":[{"href":"https:\/\/autoglassic.dk\/index.php\/wp-json\/wp\/v2\/media?parent=1381"}],"curies":[{"name":"wp","href":"https:\/\/api.w.org\/{rel}","templated":true}]}}